{"id":248,"date":"2023-08-22T10:38:32","date_gmt":"2023-08-22T08:38:32","guid":{"rendered":"https:\/\/quizboxing-marseille.fr\/?page_id=248"},"modified":"2023-08-22T10:38:33","modified_gmt":"2023-08-22T08:38:33","slug":"mode-jeux-video","status":"publish","type":"page","link":"http:\/\/quizboxing-marseille.fr\/index.php\/mode-jeux-video\/","title":{"rendered":"Mode Jeux Vid\u00e9o"},"content":{"rendered":"\n<p><\/p>\n\n\n\n<h2 class=\"wp-block-heading has-text-align-center has-ast-global-color-5-color has-text-color\">MODE JEUX VIDEO<\/h2>\n\n\n\n<div class=\"wp-block-media-text is-stacked-on-mobile\" style=\"grid-template-columns:24% auto\"><figure class=\"wp-block-media-text__media\"><img loading=\"lazy\" decoding=\"async\" width=\"220\" height=\"220\" src=\"http:\/\/quizboxing-marseille.fr\/wp-content\/uploads\/2023\/08\/qbm-\u2014-100-JV.png\" alt=\"\" class=\"wp-image-153 size-full\" srcset=\"http:\/\/quizboxing-marseille.fr\/wp-content\/uploads\/2023\/08\/qbm-\u2014-100-JV.png 220w, http:\/\/quizboxing-marseille.fr\/wp-content\/uploads\/2023\/08\/qbm-\u2014-100-JV-150x150.png 150w, http:\/\/quizboxing-marseille.fr\/wp-content\/uploads\/2023\/08\/qbm-\u2014-100-JV-75x75.png 75w\" sizes=\"auto, (max-width: 220px) 100vw, 220px\" \/><\/figure><div class=\"wp-block-media-text__content\">\n<p class=\"has-ast-global-color-5-color has-text-color\">\u00cates-vous un vrai passionn\u00e9 de jeux vid\u00e9o ? Alors ne manquez pas notre mode 100% Jeux Vid\u00e9o de Quiz Boxing ! Pendant une heure, notre animateur vocal vous fera vivre des manches de quiz d\u00e9di\u00e9es \u00e0 l&rsquo;univers des jeux vid\u00e9o.<\/p>\n\n\n\n<p class=\"has-ast-global-color-5-color has-text-color\">Testez vos connaissances sur les grands classiques tels que Super Mario Bros, Zelda et Sonic, ainsi que sur les jeux vid\u00e9o les plus r\u00e9cents et populaires. R\u00e9pondez \u00e0 des questions sur les personnages embl\u00e9matiques tels que Mario, Link et Lara Croft. Vous pourrez m\u00eame identifier des musiques de jeux vid\u00e9o c\u00e9l\u00e8bres lors de notre manche de blindtest.<\/p>\n\n\n\n<p class=\"has-ast-global-color-5-color has-text-color\">Le mode 100% Jeux Vid\u00e9o de Quiz Boxing est une exp\u00e9rience immersive pour tous les fans de jeux vid\u00e9o. Rejoignez-nous pour une comp\u00e9tition amusante o\u00f9 vous pourrez montrer vos connaissances et affronter d&rsquo;autres joueurs passionn\u00e9s. Ne manquez pas cette occasion de prouver que vous \u00eates un v\u00e9ritable expert des jeux vid\u00e9o !<\/p>\n<\/div><\/div>\n\n\n\n<figure class=\"wp-block-embed is-type-video is-provider-youtube wp-block-embed-youtube wp-embed-aspect-16-9 wp-has-aspect-ratio\"><div class=\"wp-block-embed__wrapper\">\n<div class=\"ast-oembed-container\" style=\"height: 100%;\"><iframe loading=\"lazy\" title=\"Mode Jeux Vide\u0301o\" width=\"500\" height=\"281\" src=\"https:\/\/www.youtube.com\/embed\/mX7msRblZyU?feature=oembed\" frameborder=\"0\" allow=\"accelerometer; autoplay; clipboard-write; encrypted-media; gyroscope; picture-in-picture; web-share\" referrerpolicy=\"strict-origin-when-cross-origin\" allowfullscreen><\/iframe><\/div>\n<\/div><\/figure>\n","protected":false},"excerpt":{"rendered":"<p>MODE JEUX VIDEO \u00cates-vous un vrai passionn\u00e9 de jeux vid\u00e9o ? Alors ne manquez pas notre mode 100% Jeux Vid\u00e9o de Quiz Boxing ! Pendant une heure, notre animateur vocal vous fera vivre des manches de quiz d\u00e9di\u00e9es \u00e0 l&rsquo;univers des jeux vid\u00e9o. Testez vos connaissances sur les grands classiques tels que Super Mario Bros, &hellip;<\/p>\n<p class=\"read-more\"> <a class=\"\" href=\"http:\/\/quizboxing-marseille.fr\/index.php\/mode-jeux-video\/\"> <span class=\"screen-reader-text\">Mode Jeux Vid\u00e9o<\/span> Lire la suite\u00a0\u00bb<\/a><\/p>\n","protected":false},"author":1,"featured_media":0,"parent":0,"menu_order":0,"comment_status":"closed","ping_status":"closed","template":"","meta":{"site-sidebar-layout":"default","site-content-layout":"","ast-site-content-layout":"","site-content-style":"default","site-sidebar-style":"default","ast-global-header-display":"","ast-banner-title-visibility":"","ast-main-header-display":"","ast-hfb-above-header-display":"","ast-hfb-below-header-display":"","ast-hfb-mobile-header-display":"","site-post-title":"disabled","ast-breadcrumbs-content":"","ast-featured-img":"","footer-sml-layout":"","theme-transparent-header-meta":"","adv-header-id-meta":"","stick-header-meta":"","header-above-stick-meta":"","header-main-stick-meta":"","header-below-stick-meta":"","astra-migrate-meta-layouts":"","footnotes":""},"class_list":["post-248","page","type-page","status-publish","hentry"],"_links":{"self":[{"href":"http:\/\/quizboxing-marseille.fr\/index.php\/wp-json\/wp\/v2\/pages\/248","targetHints":{"allow":["GET"]}}],"collection":[{"href":"http:\/\/quizboxing-marseille.fr\/index.php\/wp-json\/wp\/v2\/pages"}],"about":[{"href":"http:\/\/quizboxing-marseille.fr\/index.php\/wp-json\/wp\/v2\/types\/page"}],"author":[{"embeddable":true,"href":"http:\/\/quizboxing-marseille.fr\/index.php\/wp-json\/wp\/v2\/users\/1"}],"replies":[{"embeddable":true,"href":"http:\/\/quizboxing-marseille.fr\/index.php\/wp-json\/wp\/v2\/comments?post=248"}],"version-history":[{"count":1,"href":"http:\/\/quizboxing-marseille.fr\/index.php\/wp-json\/wp\/v2\/pages\/248\/revisions"}],"predecessor-version":[{"id":249,"href":"http:\/\/quizboxing-marseille.fr\/index.php\/wp-json\/wp\/v2\/pages\/248\/revisions\/249"}],"wp:attachment":[{"href":"http:\/\/quizboxing-marseille.fr\/index.php\/wp-json\/wp\/v2\/media?parent=248"}],"curies":[{"name":"wp","href":"https:\/\/api.w.org\/{rel}","templated":true}]}}