{"id":245,"date":"2023-08-22T10:34:53","date_gmt":"2023-08-22T08:34:53","guid":{"rendered":"https:\/\/quizboxing-marseille.fr\/?page_id=245"},"modified":"2023-08-22T10:34:53","modified_gmt":"2023-08-22T08:34:53","slug":"mode-foot","status":"publish","type":"page","link":"http:\/\/quizboxing-marseille.fr\/index.php\/mode-foot\/","title":{"rendered":"Mode Foot"},"content":{"rendered":"\n<p><\/p>\n\n\n\n<h2 class=\"wp-block-heading has-text-align-center has-ast-global-color-5-color has-text-color has-x-large-font-size\">MODE FOOT<\/h2>\n\n\n\n<div class=\"wp-block-media-text is-stacked-on-mobile\" style=\"grid-template-columns:23% auto\"><figure class=\"wp-block-media-text__media\"><img loading=\"lazy\" decoding=\"async\" width=\"220\" height=\"220\" src=\"http:\/\/quizboxing-marseille.fr\/wp-content\/uploads\/2023\/08\/qbm-\u2014-100-Foot.png\" alt=\"\" class=\"wp-image-155 size-full\" srcset=\"http:\/\/quizboxing-marseille.fr\/wp-content\/uploads\/2023\/08\/qbm-\u2014-100-Foot.png 220w, http:\/\/quizboxing-marseille.fr\/wp-content\/uploads\/2023\/08\/qbm-\u2014-100-Foot-150x150.png 150w, http:\/\/quizboxing-marseille.fr\/wp-content\/uploads\/2023\/08\/qbm-\u2014-100-Foot-75x75.png 75w\" sizes=\"auto, (max-width: 220px) 100vw, 220px\" \/><\/figure><div class=\"wp-block-media-text__content\">\n<p class=\"has-ast-global-color-5-color has-text-color\">Vous \u00eates fan de football et vous pensez tout conna\u00eetre sur le sport le plus populaire du monde ? Alors venez tester vos connaissances lors de notre mode 100% Foot de Quiz Boxing !<\/p>\n\n\n\n<p class=\"has-ast-global-color-5-color has-text-color\">Pendant une heure, notre animateur vocal, vous guidera \u00e0 travers diff\u00e9rentes manches de quiz d\u00e9di\u00e9es au monde du football. Vous aurez la chance de r\u00e9pondre \u00e0 des questions sur les grands \u00e9v\u00e9nements du football comme la Coupe du Monde, l&rsquo;Euro, la Ligue des Champions et bien plus encore.<\/p>\n\n\n\n<p class=\"has-ast-global-color-5-color has-text-color\">Ce qui rend notre mode Foot unique est la manche des images o\u00f9 vous devrez identifier des joueurs de football, des maillots, des stades ou des moments iconiques gr\u00e2ce \u00e0 des images et des indices visuels.<\/p>\n\n\n\n<p class=\"has-ast-global-color-5-color has-text-color\">Que vous soyez fan de la Premier League, de la Liga, de la Serie A, de la Ligue 1 ou du football international, notre mode 100% Foot est un must pour tous les passionn\u00e9s. Rejoignez-nous pour une comp\u00e9tition passionnante o\u00f9 vous pourrez affronter d&rsquo;autres fans de football et prouver votre expertise. Ne manquez pas cette occasion de devenir le champion du Quiz Boxing sp\u00e9cial Foot !<\/p>\n<\/div><\/div>\n\n\n\n<figure class=\"wp-block-embed is-type-video is-provider-youtube wp-block-embed-youtube wp-embed-aspect-16-9 wp-has-aspect-ratio\"><div class=\"wp-block-embed__wrapper\">\n<div class=\"ast-oembed-container\" style=\"height: 100%;\"><iframe loading=\"lazy\" title=\"Mode Foot\" width=\"500\" height=\"281\" src=\"https:\/\/www.youtube.com\/embed\/ePpE1Ihi9yA?feature=oembed\" frameborder=\"0\" allow=\"accelerometer; autoplay; clipboard-write; encrypted-media; gyroscope; picture-in-picture; web-share\" referrerpolicy=\"strict-origin-when-cross-origin\" allowfullscreen><\/iframe><\/div>\n<\/div><\/figure>\n","protected":false},"excerpt":{"rendered":"<p>MODE FOOT Vous \u00eates fan de football et vous pensez tout conna\u00eetre sur le sport le plus populaire du monde ? Alors venez tester vos connaissances lors de notre mode 100% Foot de Quiz Boxing ! Pendant une heure, notre animateur vocal, vous guidera \u00e0 travers diff\u00e9rentes manches de quiz d\u00e9di\u00e9es au monde du football. &hellip;<\/p>\n<p class=\"read-more\"> <a class=\"\" href=\"http:\/\/quizboxing-marseille.fr\/index.php\/mode-foot\/\"> <span class=\"screen-reader-text\">Mode Foot<\/span> Lire la suite\u00a0\u00bb<\/a><\/p>\n","protected":false},"author":1,"featured_media":0,"parent":0,"menu_order":0,"comment_status":"closed","ping_status":"closed","template":"","meta":{"site-sidebar-layout":"default","site-content-layout":"","ast-site-content-layout":"","site-content-style":"default","site-sidebar-style":"default","ast-global-header-display":"","ast-banner-title-visibility":"","ast-main-header-display":"","ast-hfb-above-header-display":"","ast-hfb-below-header-display":"","ast-hfb-mobile-header-display":"","site-post-title":"disabled","ast-breadcrumbs-content":"","ast-featured-img":"","footer-sml-layout":"","theme-transparent-header-meta":"","adv-header-id-meta":"","stick-header-meta":"","header-above-stick-meta":"","header-main-stick-meta":"","header-below-stick-meta":"","astra-migrate-meta-layouts":"","footnotes":""},"class_list":["post-245","page","type-page","status-publish","hentry"],"_links":{"self":[{"href":"http:\/\/quizboxing-marseille.fr\/index.php\/wp-json\/wp\/v2\/pages\/245","targetHints":{"allow":["GET"]}}],"collection":[{"href":"http:\/\/quizboxing-marseille.fr\/index.php\/wp-json\/wp\/v2\/pages"}],"about":[{"href":"http:\/\/quizboxing-marseille.fr\/index.php\/wp-json\/wp\/v2\/types\/page"}],"author":[{"embeddable":true,"href":"http:\/\/quizboxing-marseille.fr\/index.php\/wp-json\/wp\/v2\/users\/1"}],"replies":[{"embeddable":true,"href":"http:\/\/quizboxing-marseille.fr\/index.php\/wp-json\/wp\/v2\/comments?post=245"}],"version-history":[{"count":1,"href":"http:\/\/quizboxing-marseille.fr\/index.php\/wp-json\/wp\/v2\/pages\/245\/revisions"}],"predecessor-version":[{"id":246,"href":"http:\/\/quizboxing-marseille.fr\/index.php\/wp-json\/wp\/v2\/pages\/245\/revisions\/246"}],"wp:attachment":[{"href":"http:\/\/quizboxing-marseille.fr\/index.php\/wp-json\/wp\/v2\/media?parent=245"}],"curies":[{"name":"wp","href":"https:\/\/api.w.org\/{rel}","templated":true}]}}