{"id":240,"date":"2023-08-22T10:25:12","date_gmt":"2023-08-22T08:25:12","guid":{"rendered":"https:\/\/quizboxing-marseille.fr\/?page_id=240"},"modified":"2023-08-22T10:27:45","modified_gmt":"2023-08-22T08:27:45","slug":"mode-kids","status":"publish","type":"page","link":"http:\/\/quizboxing-marseille.fr\/index.php\/mode-kids\/","title":{"rendered":"Mode Kids"},"content":{"rendered":"\n<p><\/p>\n\n\n\n<h2 class=\"wp-block-heading has-text-align-center has-ast-global-color-5-color has-text-color has-x-large-font-size\">MODE KIDS<\/h2>\n\n\n\n<div class=\"wp-block-media-text is-stacked-on-mobile\" style=\"grid-template-columns:21% auto\"><figure class=\"wp-block-media-text__media\"><img loading=\"lazy\" decoding=\"async\" width=\"220\" height=\"220\" src=\"http:\/\/quizboxing-marseille.fr\/wp-content\/uploads\/2023\/08\/qbm-\u2014-Kidz.png\" alt=\"\" class=\"wp-image-167 size-full\" srcset=\"http:\/\/quizboxing-marseille.fr\/wp-content\/uploads\/2023\/08\/qbm-\u2014-Kidz.png 220w, http:\/\/quizboxing-marseille.fr\/wp-content\/uploads\/2023\/08\/qbm-\u2014-Kidz-150x150.png 150w, http:\/\/quizboxing-marseille.fr\/wp-content\/uploads\/2023\/08\/qbm-\u2014-Kidz-75x75.png 75w\" sizes=\"auto, (max-width: 220px) 100vw, 220px\" \/><\/figure><div class=\"wp-block-media-text__content\">\n<p class=\"has-ast-global-color-5-color has-text-color\">Vous cherchez une activit\u00e9 amusante et \u00e9ducative pour vos enfants ? Ne cherchez plus, notre mode Kids de Quiz Boxing est fait pour eux ! Adapt\u00e9 aux enfants \u00e0 partir de 8 ans, notre mode Kids est le moyen id\u00e9al pour les initier au monde des quiz.<\/p>\n\n\n\n<p class=\"has-ast-global-color-5-color has-text-color\">Notre animateur vocal, leur posera des questions amusantes et instructives sur diff\u00e9rents th\u00e8mes tels que les animaux, la nature, les sciences, l&rsquo;histoire, la musique, etc. Ils pourront jouer en \u00e9quipe ou individuellement et affronter leurs amis ou leur famille pour devenir le champion du quiz.<\/p>\n\n\n\n<p class=\"has-ast-global-color-5-color has-text-color\">Notre mode Kids est con\u00e7u pour \u00eatre amusant et divertissant tout en stimulant la curiosit\u00e9 et l&rsquo;apprentissage chez les enfants. Nous avons \u00e9galement inclus des images et des sons pour rendre le jeu encore plus attrayant pour les jeunes joueurs.<\/p>\n\n\n\n<p class=\"has-ast-global-color-5-color has-text-color\">Alors, n&rsquo;h\u00e9sitez plus, offrez \u00e0 vos enfants une exp\u00e9rience amusante et \u00e9ducative avec notre mode Kids de Quiz Boxing !<\/p>\n<\/div><\/div>\n\n\n\n<figure class=\"wp-block-embed is-type-video is-provider-youtube wp-block-embed-youtube wp-embed-aspect-16-9 wp-has-aspect-ratio\"><div class=\"wp-block-embed__wrapper\">\n<div class=\"ast-oembed-container\" style=\"height: 100%;\"><iframe loading=\"lazy\" title=\"Mode Kids\" width=\"500\" height=\"281\" src=\"https:\/\/www.youtube.com\/embed\/nsYmVOe_86k?feature=oembed\" frameborder=\"0\" allow=\"accelerometer; autoplay; clipboard-write; encrypted-media; gyroscope; picture-in-picture; web-share\" referrerpolicy=\"strict-origin-when-cross-origin\" allowfullscreen><\/iframe><\/div>\n<\/div><\/figure>\n","protected":false},"excerpt":{"rendered":"<p>MODE KIDS Vous cherchez une activit\u00e9 amusante et \u00e9ducative pour vos enfants ? Ne cherchez plus, notre mode Kids de Quiz Boxing est fait pour eux ! Adapt\u00e9 aux enfants \u00e0 partir de 8 ans, notre mode Kids est le moyen id\u00e9al pour les initier au monde des quiz. Notre animateur vocal, leur posera des &hellip;<\/p>\n<p class=\"read-more\"> <a class=\"\" href=\"http:\/\/quizboxing-marseille.fr\/index.php\/mode-kids\/\"> <span class=\"screen-reader-text\">Mode Kids<\/span> Lire la suite\u00a0\u00bb<\/a><\/p>\n","protected":false},"author":1,"featured_media":0,"parent":0,"menu_order":0,"comment_status":"closed","ping_status":"closed","template":"","meta":{"site-sidebar-layout":"default","site-content-layout":"","ast-site-content-layout":"","site-content-style":"default","site-sidebar-style":"default","ast-global-header-display":"","ast-banner-title-visibility":"","ast-main-header-display":"","ast-hfb-above-header-display":"","ast-hfb-below-header-display":"","ast-hfb-mobile-header-display":"","site-post-title":"disabled","ast-breadcrumbs-content":"","ast-featured-img":"","footer-sml-layout":"","theme-transparent-header-meta":"","adv-header-id-meta":"","stick-header-meta":"","header-above-stick-meta":"","header-main-stick-meta":"","header-below-stick-meta":"","astra-migrate-meta-layouts":"","footnotes":""},"class_list":["post-240","page","type-page","status-publish","hentry"],"_links":{"self":[{"href":"http:\/\/quizboxing-marseille.fr\/index.php\/wp-json\/wp\/v2\/pages\/240","targetHints":{"allow":["GET"]}}],"collection":[{"href":"http:\/\/quizboxing-marseille.fr\/index.php\/wp-json\/wp\/v2\/pages"}],"about":[{"href":"http:\/\/quizboxing-marseille.fr\/index.php\/wp-json\/wp\/v2\/types\/page"}],"author":[{"embeddable":true,"href":"http:\/\/quizboxing-marseille.fr\/index.php\/wp-json\/wp\/v2\/users\/1"}],"replies":[{"embeddable":true,"href":"http:\/\/quizboxing-marseille.fr\/index.php\/wp-json\/wp\/v2\/comments?post=240"}],"version-history":[{"count":2,"href":"http:\/\/quizboxing-marseille.fr\/index.php\/wp-json\/wp\/v2\/pages\/240\/revisions"}],"predecessor-version":[{"id":242,"href":"http:\/\/quizboxing-marseille.fr\/index.php\/wp-json\/wp\/v2\/pages\/240\/revisions\/242"}],"wp:attachment":[{"href":"http:\/\/quizboxing-marseille.fr\/index.php\/wp-json\/wp\/v2\/media?parent=240"}],"curies":[{"name":"wp","href":"https:\/\/api.w.org\/{rel}","templated":true}]}}