{"id":225,"date":"2023-08-17T22:38:07","date_gmt":"2023-08-17T20:38:07","guid":{"rendered":"https:\/\/quizboxing-marseille.fr\/?page_id=225"},"modified":"2023-08-17T22:51:51","modified_gmt":"2023-08-17T20:51:51","slug":"mode-disney","status":"publish","type":"page","link":"http:\/\/quizboxing-marseille.fr\/index.php\/mode-disney\/","title":{"rendered":"Mode Disney"},"content":{"rendered":"\n<p><\/p>\n\n\n\n<h2 class=\"wp-block-heading has-text-align-center has-ast-global-color-5-color has-text-color has-x-large-font-size\">MODE DISNEY<\/h2>\n\n\n\n<div class=\"wp-block-media-text is-stacked-on-mobile\" style=\"grid-template-columns:19% auto\"><figure class=\"wp-block-media-text__media\"><img loading=\"lazy\" decoding=\"async\" width=\"220\" height=\"220\" src=\"http:\/\/quizboxing-marseille.fr\/wp-content\/uploads\/2023\/08\/qbm-\u2014-100-Disney.png\" alt=\"\" class=\"wp-image-139 size-full\" srcset=\"http:\/\/quizboxing-marseille.fr\/wp-content\/uploads\/2023\/08\/qbm-\u2014-100-Disney.png 220w, http:\/\/quizboxing-marseille.fr\/wp-content\/uploads\/2023\/08\/qbm-\u2014-100-Disney-150x150.png 150w, http:\/\/quizboxing-marseille.fr\/wp-content\/uploads\/2023\/08\/qbm-\u2014-100-Disney-75x75.png 75w\" sizes=\"auto, (max-width: 220px) 100vw, 220px\" \/><\/figure><div class=\"wp-block-media-text__content\">\n<p class=\"has-ast-global-color-5-color has-text-color\">Venez revivre vos souvenirs d&rsquo;enfance et prouver que vous \u00eates le plus grand fan de Disney avec le mode 100% Disney de Quiz Boxing. Pendant une heure, notre animateur vocal, vous guidera \u00e0 travers des manches de quiz d\u00e9di\u00e9es aux films, aux personnages et aux chansons embl\u00e9matiques de Disney.<\/p>\n\n\n\n<p class=\"has-ast-global-color-5-color has-text-color\">R\u00e9pondez \u00e0 des questions sur les grands classiques comme Le Roi Lion, Aladdin et La Petite Sir\u00e8ne, ainsi que sur les films plus r\u00e9cents comme La Reine des Neiges et Toy Story. Testez vos connaissances sur les personnages iconiques tels que Mickey, Minnie, Donald et les princesses Disney. Vous pourrez m\u00eame fredonner les chansons les plus connues de l&rsquo;univers Disney dans notre manche de blindtest.<\/p>\n\n\n\n<p class=\"has-ast-global-color-5-color has-text-color\">Le mode 100% Disney de Quiz Boxing est une exp\u00e9rience immersive pour tous les fans de Disney. Rejoignez-nous pour une comp\u00e9tition amusante et pleine de nostalgie o\u00f9 vous pourrez prouver que vous \u00eates le plus grand connaisseur de l&rsquo;univers magique de Disney<\/p>\n<\/div><\/div>\n\n\n\n<p><\/p>\n\n\n\n<p><\/p>\n\n\n\n<figure class=\"wp-block-embed is-type-video is-provider-youtube wp-block-embed-youtube wp-embed-aspect-16-9 wp-has-aspect-ratio\"><div class=\"wp-block-embed__wrapper\">\n<div class=\"ast-oembed-container\" style=\"height: 100%;\"><iframe loading=\"lazy\" title=\"Quiz Boxing Marseille - Mode DIsney\" width=\"500\" height=\"281\" src=\"https:\/\/www.youtube.com\/embed\/oRN1-oHFeHI?feature=oembed\" frameborder=\"0\" allow=\"accelerometer; autoplay; clipboard-write; encrypted-media; gyroscope; picture-in-picture; web-share\" referrerpolicy=\"strict-origin-when-cross-origin\" allowfullscreen><\/iframe><\/div>\n<\/div><\/figure>\n","protected":false},"excerpt":{"rendered":"<p>MODE DISNEY Venez revivre vos souvenirs d&rsquo;enfance et prouver que vous \u00eates le plus grand fan de Disney avec le mode 100% Disney de Quiz Boxing. Pendant une heure, notre animateur vocal, vous guidera \u00e0 travers des manches de quiz d\u00e9di\u00e9es aux films, aux personnages et aux chansons embl\u00e9matiques de Disney. R\u00e9pondez \u00e0 des questions &hellip;<\/p>\n<p class=\"read-more\"> <a class=\"\" href=\"http:\/\/quizboxing-marseille.fr\/index.php\/mode-disney\/\"> <span class=\"screen-reader-text\">Mode Disney<\/span> Lire la suite\u00a0\u00bb<\/a><\/p>\n","protected":false},"author":1,"featured_media":0,"parent":0,"menu_order":0,"comment_status":"closed","ping_status":"closed","template":"","meta":{"site-sidebar-layout":"default","site-content-layout":"","ast-site-content-layout":"","site-content-style":"default","site-sidebar-style":"default","ast-global-header-display":"","ast-banner-title-visibility":"","ast-main-header-display":"","ast-hfb-above-header-display":"","ast-hfb-below-header-display":"","ast-hfb-mobile-header-display":"","site-post-title":"disabled","ast-breadcrumbs-content":"","ast-featured-img":"","footer-sml-layout":"","theme-transparent-header-meta":"","adv-header-id-meta":"","stick-header-meta":"","header-above-stick-meta":"","header-main-stick-meta":"","header-below-stick-meta":"","astra-migrate-meta-layouts":"","footnotes":""},"class_list":["post-225","page","type-page","status-publish","hentry"],"_links":{"self":[{"href":"http:\/\/quizboxing-marseille.fr\/index.php\/wp-json\/wp\/v2\/pages\/225","targetHints":{"allow":["GET"]}}],"collection":[{"href":"http:\/\/quizboxing-marseille.fr\/index.php\/wp-json\/wp\/v2\/pages"}],"about":[{"href":"http:\/\/quizboxing-marseille.fr\/index.php\/wp-json\/wp\/v2\/types\/page"}],"author":[{"embeddable":true,"href":"http:\/\/quizboxing-marseille.fr\/index.php\/wp-json\/wp\/v2\/users\/1"}],"replies":[{"embeddable":true,"href":"http:\/\/quizboxing-marseille.fr\/index.php\/wp-json\/wp\/v2\/comments?post=225"}],"version-history":[{"count":2,"href":"http:\/\/quizboxing-marseille.fr\/index.php\/wp-json\/wp\/v2\/pages\/225\/revisions"}],"predecessor-version":[{"id":234,"href":"http:\/\/quizboxing-marseille.fr\/index.php\/wp-json\/wp\/v2\/pages\/225\/revisions\/234"}],"wp:attachment":[{"href":"http:\/\/quizboxing-marseille.fr\/index.php\/wp-json\/wp\/v2\/media?parent=225"}],"curies":[{"name":"wp","href":"https:\/\/api.w.org\/{rel}","templated":true}]}}