{"id":178,"date":"2023-08-17T15:41:12","date_gmt":"2023-08-17T13:41:12","guid":{"rendered":"http:\/\/quizboxing-marseille.fr\/?page_id=178"},"modified":"2023-08-17T22:10:08","modified_gmt":"2023-08-17T20:10:08","slug":"mode-classique","status":"publish","type":"page","link":"http:\/\/quizboxing-marseille.fr\/index.php\/mode-classique\/","title":{"rendered":"Mode Classique"},"content":{"rendered":"\n<p><\/p>\n\n\n\n<p><\/p>\n\n\n\n<h2 class=\"wp-block-heading has-text-align-center has-ast-global-color-5-color has-text-color has-x-large-font-size\">MODE CLASSIQUE<\/h2>\n\n\n\n<div class=\"wp-block-media-text is-stacked-on-mobile\" style=\"grid-template-columns:20% auto\"><figure class=\"wp-block-media-text__media\"><img loading=\"lazy\" decoding=\"async\" width=\"220\" height=\"220\" src=\"http:\/\/quizboxing-marseille.fr\/wp-content\/uploads\/2023\/08\/qbm-\u2014-Classic-3.png\" alt=\"\" class=\"wp-image-180 size-full\" srcset=\"http:\/\/quizboxing-marseille.fr\/wp-content\/uploads\/2023\/08\/qbm-\u2014-Classic-3.png 220w, http:\/\/quizboxing-marseille.fr\/wp-content\/uploads\/2023\/08\/qbm-\u2014-Classic-3-150x150.png 150w, http:\/\/quizboxing-marseille.fr\/wp-content\/uploads\/2023\/08\/qbm-\u2014-Classic-3-75x75.png 75w\" sizes=\"auto, (max-width: 220px) 100vw, 220px\" \/><\/figure><div class=\"wp-block-media-text__content\">\n<p class=\"has-ast-global-color-4-color has-text-color\">Le mode classique est l&rsquo;exp\u00e9rience de quiz parfaite pour tous ceux qui aiment tester leurs connaissances g\u00e9n\u00e9rales dans une comp\u00e9tition amusante avec leurs amis ou leur famille. Pendant une heure, vous allez vous affronter lors de diff\u00e9rentes manches de quiz, toutes bas\u00e9es sur des th\u00e8mes vari\u00e9s tels que le cin\u00e9ma, les s\u00e9ries, la musique, la g\u00e9ographie, l&rsquo;histoire, les jeux vid\u00e9o et bien plus encore.<\/p>\n\n\n\n<p class=\"has-ast-global-color-4-color has-text-color\">Le mode classique de Quiz Boxing offre un m\u00e9lange de questions \u00e0 choix multiple, de vrai\/faux, de blindtest et de juste prix. Vous devrez utiliser votre cerveau pour r\u00e9pondre correctement aux questions de notre c\u00e9l\u00e8bre animateur vocal. Avec chaque manche, la tension monte alors que vous essayez de grimper au sommet du classement et devenir le vainqueur ultime du jeu.<\/p>\n\n\n\n<p class=\"has-ast-global-color-4-color has-text-color\">Le mode classique de Quiz Boxing est une exp\u00e9rience de quiz immersive et amusante pour tous, que vous soyez un fan de culture pop ou un amoureux de la g\u00e9ographie. Rejoignez-nous pour une comp\u00e9tition m\u00e9morable qui testera vos connaissances g\u00e9n\u00e9rales et vous permettra de passer un bon moment avec vos amis ou votre famille.<\/p>\n<\/div><\/div>\n\n\n\n<figure class=\"wp-block-embed is-type-video is-provider-youtube wp-block-embed-youtube wp-embed-aspect-16-9 wp-has-aspect-ratio\"><div class=\"wp-block-embed__wrapper\">\n<div class=\"ast-oembed-container\" style=\"height: 100%;\"><iframe loading=\"lazy\" title=\"Quiz Boxing Marseille - Mode Classique\" width=\"500\" height=\"281\" src=\"https:\/\/www.youtube.com\/embed\/GC7o2OwFn1A?feature=oembed\" frameborder=\"0\" allow=\"accelerometer; autoplay; clipboard-write; encrypted-media; gyroscope; picture-in-picture; web-share\" referrerpolicy=\"strict-origin-when-cross-origin\" allowfullscreen><\/iframe><\/div>\n<\/div><\/figure>\n","protected":false},"excerpt":{"rendered":"<p>MODE CLASSIQUE Le mode classique est l&rsquo;exp\u00e9rience de quiz parfaite pour tous ceux qui aiment tester leurs connaissances g\u00e9n\u00e9rales dans une comp\u00e9tition amusante avec leurs amis ou leur famille. Pendant une heure, vous allez vous affronter lors de diff\u00e9rentes manches de quiz, toutes bas\u00e9es sur des th\u00e8mes vari\u00e9s tels que le cin\u00e9ma, les s\u00e9ries, la &hellip;<\/p>\n<p class=\"read-more\"> <a class=\"\" href=\"http:\/\/quizboxing-marseille.fr\/index.php\/mode-classique\/\"> <span class=\"screen-reader-text\">Mode Classique<\/span> Lire la suite\u00a0\u00bb<\/a><\/p>\n","protected":false},"author":1,"featured_media":0,"parent":0,"menu_order":0,"comment_status":"closed","ping_status":"closed","template":"","meta":{"site-sidebar-layout":"default","site-content-layout":"","ast-site-content-layout":"","site-content-style":"default","site-sidebar-style":"default","ast-global-header-display":"","ast-banner-title-visibility":"","ast-main-header-display":"","ast-hfb-above-header-display":"","ast-hfb-below-header-display":"","ast-hfb-mobile-header-display":"","site-post-title":"disabled","ast-breadcrumbs-content":"","ast-featured-img":"","footer-sml-layout":"","theme-transparent-header-meta":"","adv-header-id-meta":"","stick-header-meta":"","header-above-stick-meta":"","header-main-stick-meta":"","header-below-stick-meta":"","astra-migrate-meta-layouts":"","footnotes":""},"class_list":["post-178","page","type-page","status-publish","hentry"],"_links":{"self":[{"href":"http:\/\/quizboxing-marseille.fr\/index.php\/wp-json\/wp\/v2\/pages\/178","targetHints":{"allow":["GET"]}}],"collection":[{"href":"http:\/\/quizboxing-marseille.fr\/index.php\/wp-json\/wp\/v2\/pages"}],"about":[{"href":"http:\/\/quizboxing-marseille.fr\/index.php\/wp-json\/wp\/v2\/types\/page"}],"author":[{"embeddable":true,"href":"http:\/\/quizboxing-marseille.fr\/index.php\/wp-json\/wp\/v2\/users\/1"}],"replies":[{"embeddable":true,"href":"http:\/\/quizboxing-marseille.fr\/index.php\/wp-json\/wp\/v2\/comments?post=178"}],"version-history":[{"count":4,"href":"http:\/\/quizboxing-marseille.fr\/index.php\/wp-json\/wp\/v2\/pages\/178\/revisions"}],"predecessor-version":[{"id":222,"href":"http:\/\/quizboxing-marseille.fr\/index.php\/wp-json\/wp\/v2\/pages\/178\/revisions\/222"}],"wp:attachment":[{"href":"http:\/\/quizboxing-marseille.fr\/index.php\/wp-json\/wp\/v2\/media?parent=178"}],"curies":[{"name":"wp","href":"https:\/\/api.w.org\/{rel}","templated":true}]}}