{"id":137,"date":"2023-08-17T14:50:15","date_gmt":"2023-08-17T12:50:15","guid":{"rendered":"http:\/\/quizboxing-marseille.fr\/?page_id=137"},"modified":"2023-08-22T10:39:42","modified_gmt":"2023-08-22T08:39:42","slug":"modes","status":"publish","type":"page","link":"http:\/\/quizboxing-marseille.fr\/index.php\/modes\/","title":{"rendered":"Modes de jeu"},"content":{"rendered":"\n<p><\/p>\n\n\n\n<p><\/p>\n\n\n\n<p><\/p>\n\n\n\n<p class=\"has-text-align-center has-ast-global-color-5-color has-text-color has-medium-font-size\">Le Quiz Boxing poss\u00e8de de multiples modes de jeux contenant chacun ses propres manches<\/p>\n\n\n\n<p class=\"has-text-align-center has-ast-global-color-5-color has-text-color has-medium-font-size\">(cliquer sur le th\u00e8me pour plus d&rsquo;information)<\/p>\n\n\n\n<div class=\"wp-block-columns is-layout-flex wp-container-core-columns-is-layout-28f84493 wp-block-columns-is-layout-flex\">\n<div class=\"wp-block-column is-layout-flow wp-block-column-is-layout-flow\">\n<figure class=\"wp-block-image aligncenter size-full is-resized\"><a href=\"http:\/\/quizboxing-marseille.fr\/index.php\/mode-classique\/\"><img loading=\"lazy\" decoding=\"async\" src=\"http:\/\/quizboxing-marseille.fr\/wp-content\/uploads\/2023\/08\/qbm-\u2014-Classic-1.png\" alt=\"\" class=\"wp-image-141\" style=\"width:88px;height:88px\" width=\"88\" height=\"88\" srcset=\"http:\/\/quizboxing-marseille.fr\/wp-content\/uploads\/2023\/08\/qbm-\u2014-Classic-1.png 220w, http:\/\/quizboxing-marseille.fr\/wp-content\/uploads\/2023\/08\/qbm-\u2014-Classic-1-150x150.png 150w, http:\/\/quizboxing-marseille.fr\/wp-content\/uploads\/2023\/08\/qbm-\u2014-Classic-1-75x75.png 75w\" sizes=\"auto, (max-width: 88px) 100vw, 88px\" \/><\/a><\/figure>\n\n\n\n<p class=\"has-text-align-center has-ast-global-color-5-color has-text-color has-medium-font-size\"><a href=\"http:\/\/quizboxing-marseille.fr\/index.php\/mode-classique\/\" data-type=\"page\" data-id=\"178\">Mode Classique<\/a><\/p>\n\n\n\n<p><\/p>\n\n\n\n<figure class=\"wp-block-image aligncenter size-full is-resized\"><a href=\"https:\/\/quizboxing-marseille.fr\/index.php\/mode-jeux-video\/\"><img loading=\"lazy\" decoding=\"async\" src=\"http:\/\/quizboxing-marseille.fr\/wp-content\/uploads\/2023\/08\/qbm-\u2014-100-JV.png\" alt=\"\" class=\"wp-image-153\" style=\"width:88px;height:88px\" width=\"88\" height=\"88\" srcset=\"http:\/\/quizboxing-marseille.fr\/wp-content\/uploads\/2023\/08\/qbm-\u2014-100-JV.png 220w, http:\/\/quizboxing-marseille.fr\/wp-content\/uploads\/2023\/08\/qbm-\u2014-100-JV-150x150.png 150w, http:\/\/quizboxing-marseille.fr\/wp-content\/uploads\/2023\/08\/qbm-\u2014-100-JV-75x75.png 75w\" sizes=\"auto, (max-width: 88px) 100vw, 88px\" \/><\/a><\/figure>\n\n\n\n<p class=\"has-text-align-center has-ast-global-color-5-color has-text-color has-medium-font-size\"><a href=\"https:\/\/quizboxing-marseille.fr\/index.php\/mode-jeux-video\/\" data-type=\"page\" data-id=\"248\">Mode Jeux Vid\u00e9o<\/a><\/p>\n\n\n\n<p><\/p>\n\n\n\n<figure class=\"wp-block-image aligncenter size-full is-resized\"><a href=\"https:\/\/quizboxing-marseille.fr\/index.php\/mode-love\/\"><img loading=\"lazy\" decoding=\"async\" src=\"http:\/\/quizboxing-marseille.fr\/wp-content\/uploads\/2023\/08\/qbm-\u2014-100-Love-1.png\" alt=\"\" class=\"wp-image-166\" style=\"width:92px;height:92px\" width=\"92\" height=\"92\" srcset=\"http:\/\/quizboxing-marseille.fr\/wp-content\/uploads\/2023\/08\/qbm-\u2014-100-Love-1.png 220w, http:\/\/quizboxing-marseille.fr\/wp-content\/uploads\/2023\/08\/qbm-\u2014-100-Love-1-150x150.png 150w, http:\/\/quizboxing-marseille.fr\/wp-content\/uploads\/2023\/08\/qbm-\u2014-100-Love-1-75x75.png 75w\" sizes=\"auto, (max-width: 92px) 100vw, 92px\" \/><\/a><\/figure>\n\n\n\n<p class=\"has-text-align-center has-ast-global-color-5-color has-text-color has-medium-font-size\"><a href=\"https:\/\/quizboxing-marseille.fr\/index.php\/mode-love\/\" data-type=\"page\" data-id=\"235\">Mode Love<\/a><\/p>\n\n\n\n<p><\/p>\n\n\n\n<figure class=\"wp-block-image aligncenter size-full is-resized\"><a href=\"https:\/\/quizboxing-marseille.fr\/index.php\/mode-super-heros\/\"><img loading=\"lazy\" decoding=\"async\" src=\"http:\/\/quizboxing-marseille.fr\/wp-content\/uploads\/2023\/08\/qbm-\u2014-100-Super-Heros.png\" alt=\"\" class=\"wp-image-170\" style=\"width:93px;height:93px\" width=\"93\" height=\"93\" srcset=\"http:\/\/quizboxing-marseille.fr\/wp-content\/uploads\/2023\/08\/qbm-\u2014-100-Super-Heros.png 220w, http:\/\/quizboxing-marseille.fr\/wp-content\/uploads\/2023\/08\/qbm-\u2014-100-Super-Heros-150x150.png 150w, http:\/\/quizboxing-marseille.fr\/wp-content\/uploads\/2023\/08\/qbm-\u2014-100-Super-Heros-75x75.png 75w\" sizes=\"auto, (max-width: 93px) 100vw, 93px\" \/><\/a><\/figure>\n\n\n\n<p class=\"has-text-align-center has-ast-global-color-5-color has-text-color has-medium-font-size\"><a href=\"https:\/\/quizboxing-marseille.fr\/index.php\/mode-super-heros\/\" data-type=\"page\" data-id=\"230\">Mode Super H\u00e9ros<\/a><\/p>\n<\/div>\n\n\n\n<div class=\"wp-block-column is-layout-flow wp-block-column-is-layout-flow\">\n<figure class=\"wp-block-image aligncenter size-full is-resized\"><a href=\"http:\/\/quizboxing-marseille.fr\/index.php\/blindtest\/\"><img loading=\"lazy\" decoding=\"async\" src=\"http:\/\/quizboxing-marseille.fr\/wp-content\/uploads\/2023\/08\/qbm-\u2014-100-Blind-test.png\" alt=\"\" class=\"wp-image-146\" style=\"width:90px;height:90px\" width=\"90\" height=\"90\" srcset=\"http:\/\/quizboxing-marseille.fr\/wp-content\/uploads\/2023\/08\/qbm-\u2014-100-Blind-test.png 220w, http:\/\/quizboxing-marseille.fr\/wp-content\/uploads\/2023\/08\/qbm-\u2014-100-Blind-test-150x150.png 150w, http:\/\/quizboxing-marseille.fr\/wp-content\/uploads\/2023\/08\/qbm-\u2014-100-Blind-test-75x75.png 75w\" sizes=\"auto, (max-width: 90px) 100vw, 90px\" \/><\/a><\/figure>\n\n\n\n<p class=\"has-text-align-center has-ast-global-color-5-color has-text-color has-medium-font-size\"><a href=\"http:\/\/quizboxing-marseille.fr\/index.php\/blindtest\/\" data-type=\"page\" data-id=\"185\">Mode Blindtest<\/a><\/p>\n\n\n\n<p><\/p>\n\n\n\n<figure class=\"wp-block-image aligncenter size-full is-resized\"><a href=\"https:\/\/quizboxing-marseille.fr\/index.php\/mode-foot\/\"><img loading=\"lazy\" decoding=\"async\" src=\"http:\/\/quizboxing-marseille.fr\/wp-content\/uploads\/2023\/08\/qbm-\u2014-100-Foot.png\" alt=\"\" class=\"wp-image-155\" style=\"width:88px;height:88px\" width=\"88\" height=\"88\" srcset=\"http:\/\/quizboxing-marseille.fr\/wp-content\/uploads\/2023\/08\/qbm-\u2014-100-Foot.png 220w, http:\/\/quizboxing-marseille.fr\/wp-content\/uploads\/2023\/08\/qbm-\u2014-100-Foot-150x150.png 150w, http:\/\/quizboxing-marseille.fr\/wp-content\/uploads\/2023\/08\/qbm-\u2014-100-Foot-75x75.png 75w\" sizes=\"auto, (max-width: 88px) 100vw, 88px\" \/><\/a><\/figure>\n\n\n\n<p class=\"has-text-align-center has-ast-global-color-5-color has-text-color has-medium-font-size\"><a href=\"https:\/\/quizboxing-marseille.fr\/index.php\/mode-foot\/\" data-type=\"page\" data-id=\"245\">Mode Foot<\/a><\/p>\n\n\n\n<p><\/p>\n\n\n\n<figure class=\"wp-block-image aligncenter size-full is-resized\"><a href=\"https:\/\/quizboxing-marseille.fr\/index.php\/mode-kids\/\"><img loading=\"lazy\" decoding=\"async\" src=\"http:\/\/quizboxing-marseille.fr\/wp-content\/uploads\/2023\/08\/qbm-\u2014-Kidz.png\" alt=\"\" class=\"wp-image-167\" style=\"width:92px;height:92px\" width=\"92\" height=\"92\" srcset=\"http:\/\/quizboxing-marseille.fr\/wp-content\/uploads\/2023\/08\/qbm-\u2014-Kidz.png 220w, http:\/\/quizboxing-marseille.fr\/wp-content\/uploads\/2023\/08\/qbm-\u2014-Kidz-150x150.png 150w, http:\/\/quizboxing-marseille.fr\/wp-content\/uploads\/2023\/08\/qbm-\u2014-Kidz-75x75.png 75w\" sizes=\"auto, (max-width: 92px) 100vw, 92px\" \/><\/a><\/figure>\n\n\n\n<p class=\"has-text-align-center has-ast-global-color-5-color has-text-color has-medium-font-size\"><a href=\"https:\/\/quizboxing-marseille.fr\/index.php\/mode-kids\/\" data-type=\"page\" data-id=\"240\">Mode Kids<\/a><\/p>\n\n\n\n<p><\/p>\n\n\n\n<figure class=\"wp-block-image aligncenter size-full is-resized\"><img loading=\"lazy\" decoding=\"async\" src=\"http:\/\/quizboxing-marseille.fr\/wp-content\/uploads\/2023\/08\/qbm-\u2014-Burger-Quiz.png\" alt=\"\" class=\"wp-image-172\" style=\"width:92px;height:92px\" width=\"92\" height=\"92\" srcset=\"http:\/\/quizboxing-marseille.fr\/wp-content\/uploads\/2023\/08\/qbm-\u2014-Burger-Quiz.png 220w, http:\/\/quizboxing-marseille.fr\/wp-content\/uploads\/2023\/08\/qbm-\u2014-Burger-Quiz-150x150.png 150w, http:\/\/quizboxing-marseille.fr\/wp-content\/uploads\/2023\/08\/qbm-\u2014-Burger-Quiz-75x75.png 75w\" sizes=\"auto, (max-width: 92px) 100vw, 92px\" \/><\/figure>\n\n\n\n<p class=\"has-text-align-center has-ast-global-color-5-color has-text-color has-medium-font-size\">Mode Burger Quiz<\/p>\n<\/div>\n\n\n\n<div class=\"wp-block-column is-layout-flow wp-block-column-is-layout-flow\">\n<figure class=\"wp-block-image aligncenter size-full is-resized\"><a href=\"https:\/\/quizboxing-marseille.fr\/index.php\/mode-disney\/\"><img loading=\"lazy\" decoding=\"async\" src=\"http:\/\/quizboxing-marseille.fr\/wp-content\/uploads\/2023\/08\/qbm-\u2014-100-Disney-1.png\" alt=\"\" class=\"wp-image-148\" style=\"width:92px;height:92px\" width=\"92\" height=\"92\" srcset=\"http:\/\/quizboxing-marseille.fr\/wp-content\/uploads\/2023\/08\/qbm-\u2014-100-Disney-1.png 220w, http:\/\/quizboxing-marseille.fr\/wp-content\/uploads\/2023\/08\/qbm-\u2014-100-Disney-1-150x150.png 150w, http:\/\/quizboxing-marseille.fr\/wp-content\/uploads\/2023\/08\/qbm-\u2014-100-Disney-1-75x75.png 75w\" sizes=\"auto, (max-width: 92px) 100vw, 92px\" \/><\/a><\/figure>\n\n\n\n<p class=\"has-text-align-center has-ast-global-color-5-color has-text-color has-medium-font-size\"><a href=\"https:\/\/quizboxing-marseille.fr\/index.php\/mode-disney\/\" data-type=\"page\" data-id=\"225\">Mode Disney<\/a><\/p>\n\n\n\n<p><\/p>\n\n\n\n<figure class=\"wp-block-image aligncenter size-full is-resized\"><img loading=\"lazy\" decoding=\"async\" src=\"http:\/\/quizboxing-marseille.fr\/wp-content\/uploads\/2023\/08\/qbm-\u2014-100-HP.png\" alt=\"\" class=\"wp-image-163\" style=\"width:95px;height:95px\" width=\"95\" height=\"95\" srcset=\"http:\/\/quizboxing-marseille.fr\/wp-content\/uploads\/2023\/08\/qbm-\u2014-100-HP.png 220w, http:\/\/quizboxing-marseille.fr\/wp-content\/uploads\/2023\/08\/qbm-\u2014-100-HP-150x150.png 150w, http:\/\/quizboxing-marseille.fr\/wp-content\/uploads\/2023\/08\/qbm-\u2014-100-HP-75x75.png 75w\" sizes=\"auto, (max-width: 95px) 100vw, 95px\" \/><\/figure>\n\n\n\n<p class=\"has-text-align-center has-ast-global-color-5-color has-text-color has-medium-font-size\">Mode Harry Potter<\/p>\n\n\n\n<p><\/p>\n\n\n\n<figure class=\"wp-block-image aligncenter size-full is-resized\"><img loading=\"lazy\" decoding=\"async\" src=\"http:\/\/quizboxing-marseille.fr\/wp-content\/uploads\/2023\/08\/qbm-\u2014-100-TV.png\" alt=\"\" class=\"wp-image-168\" style=\"width:87px;height:87px\" width=\"87\" height=\"87\" srcset=\"http:\/\/quizboxing-marseille.fr\/wp-content\/uploads\/2023\/08\/qbm-\u2014-100-TV.png 220w, http:\/\/quizboxing-marseille.fr\/wp-content\/uploads\/2023\/08\/qbm-\u2014-100-TV-150x150.png 150w, http:\/\/quizboxing-marseille.fr\/wp-content\/uploads\/2023\/08\/qbm-\u2014-100-TV-75x75.png 75w\" sizes=\"auto, (max-width: 87px) 100vw, 87px\" \/><\/figure>\n\n\n\n<p class=\"has-text-align-center has-ast-global-color-5-color has-text-color has-medium-font-size\">Mode T\u00e9l\u00e9vision<\/p>\n\n\n\n<p><\/p>\n\n\n\n<figure class=\"wp-block-image aligncenter size-full is-resized\"><img loading=\"lazy\" decoding=\"async\" src=\"http:\/\/quizboxing-marseille.fr\/wp-content\/uploads\/2023\/08\/qbm-\u2014-100-Oldies.png\" alt=\"\" class=\"wp-image-173\" style=\"width:91px;height:91px\" width=\"91\" height=\"91\" srcset=\"http:\/\/quizboxing-marseille.fr\/wp-content\/uploads\/2023\/08\/qbm-\u2014-100-Oldies.png 220w, http:\/\/quizboxing-marseille.fr\/wp-content\/uploads\/2023\/08\/qbm-\u2014-100-Oldies-150x150.png 150w, http:\/\/quizboxing-marseille.fr\/wp-content\/uploads\/2023\/08\/qbm-\u2014-100-Oldies-75x75.png 75w\" sizes=\"auto, (max-width: 91px) 100vw, 91px\" \/><\/figure>\n\n\n\n<p class=\"has-text-align-center has-ast-global-color-5-color has-text-color has-medium-font-size\">Mode Oldies<\/p>\n<\/div>\n<\/div>\n","protected":false},"excerpt":{"rendered":"<p>Le Quiz Boxing poss\u00e8de de multiples modes de jeux contenant chacun ses propres manches (cliquer sur le th\u00e8me pour plus d&rsquo;information) Mode Classique Mode Jeux Vid\u00e9o Mode Love Mode Super H\u00e9ros Mode Blindtest Mode Foot Mode Kids Mode Burger Quiz Mode Disney Mode Harry Potter Mode T\u00e9l\u00e9vision Mode Oldies<\/p>\n","protected":false},"author":1,"featured_media":0,"parent":0,"menu_order":0,"comment_status":"closed","ping_status":"closed","template":"","meta":{"site-sidebar-layout":"default","site-content-layout":"","ast-site-content-layout":"","site-content-style":"default","site-sidebar-style":"default","ast-global-header-display":"","ast-banner-title-visibility":"","ast-main-header-display":"","ast-hfb-above-header-display":"","ast-hfb-below-header-display":"","ast-hfb-mobile-header-display":"","site-post-title":"disabled","ast-breadcrumbs-content":"","ast-featured-img":"","footer-sml-layout":"","theme-transparent-header-meta":"","adv-header-id-meta":"","stick-header-meta":"","header-above-stick-meta":"","header-main-stick-meta":"","header-below-stick-meta":"","astra-migrate-meta-layouts":"","footnotes":""},"class_list":["post-137","page","type-page","status-publish","hentry"],"_links":{"self":[{"href":"http:\/\/quizboxing-marseille.fr\/index.php\/wp-json\/wp\/v2\/pages\/137","targetHints":{"allow":["GET"]}}],"collection":[{"href":"http:\/\/quizboxing-marseille.fr\/index.php\/wp-json\/wp\/v2\/pages"}],"about":[{"href":"http:\/\/quizboxing-marseille.fr\/index.php\/wp-json\/wp\/v2\/types\/page"}],"author":[{"embeddable":true,"href":"http:\/\/quizboxing-marseille.fr\/index.php\/wp-json\/wp\/v2\/users\/1"}],"replies":[{"embeddable":true,"href":"http:\/\/quizboxing-marseille.fr\/index.php\/wp-json\/wp\/v2\/comments?post=137"}],"version-history":[{"count":24,"href":"http:\/\/quizboxing-marseille.fr\/index.php\/wp-json\/wp\/v2\/pages\/137\/revisions"}],"predecessor-version":[{"id":250,"href":"http:\/\/quizboxing-marseille.fr\/index.php\/wp-json\/wp\/v2\/pages\/137\/revisions\/250"}],"wp:attachment":[{"href":"http:\/\/quizboxing-marseille.fr\/index.php\/wp-json\/wp\/v2\/media?parent=137"}],"curies":[{"name":"wp","href":"https:\/\/api.w.org\/{rel}","templated":true}]}}